{"id":8,"date":"2017-03-30T21:43:08","date_gmt":"2017-03-30T19:43:08","guid":{"rendered":"http:\/\/apiquenotte.fr?page_id=8"},"modified":"2024-11-20T17:31:04","modified_gmt":"2024-11-20T16:31:04","slug":"a-propos-de","status":"publish","type":"page","link":"https:\/\/apiquenotte.fr\/index.php\/a-propos-de\/","title":{"rendered":"La compagnie"},"content":{"rendered":"<p>Cette jeune compagnie de th\u00e9\u00e2tre musical pour tout petits est n\u00e9e de la collaboration de Magali PILLON, professeur des \u00e9coles et Patryk LORY, artiste musicien et com\u00e9dien.<\/p>\n<p><img loading=\"lazy\" decoding=\"async\" class=\"wp-image-83 aligncenter\" src=\"http:\/\/apiquenotte.frwp-content\/uploads\/2017\/03\/IMG_2529-300x200.jpg\" alt=\"\" width=\"359\" height=\"239\" srcset=\"https:\/\/apiquenotte.fr\/wp-content\/uploads\/2017\/03\/IMG_2529-300x200.jpg 300w, https:\/\/apiquenotte.fr\/wp-content\/uploads\/2017\/03\/IMG_2529-768x512.jpg 768w, https:\/\/apiquenotte.fr\/wp-content\/uploads\/2017\/03\/IMG_2529-1024x683.jpg 1024w\" sizes=\"auto, (max-width: 359px) 100vw, 359px\" \/><\/p>\n<p>Leur premier spectacle \u00ab\u00a0<strong>Cirrus Floccus<\/strong>\u00a0\u00bb a \u00e9t\u00e9\u00a0cr\u00e9e le 15 avril 2017 \u00e0 la Minoterie, p\u00f4le de cr\u00e9ation pour le jeune public, \u00e0 Dijon.<\/p>\n<p><em>Le spectacle a \u00e9t\u00e9 int\u00e9gr\u00e9 dans le cadre du dispositif d\u2019accompagnement \u00e0 la cr\u00e9ation TJP, port\u00e9 par le lab, la Minoterie sc\u00e8ne conventionn\u00e9e \u00ab art enfance jeunesse \u00bb, le Th\u00e9\u00e2tre Gaston Bernard de Ch\u00e2tillon-sur-Seine, l\u2019Abreuvoir de Salives, la Communaut\u00e9 de communes Bazois Loire Morvan, \u00ab Par ici la compagnie \u00bb de Joigny.<\/em><\/p>\n<p><em>Le\u00a0dispositif a \u00e9t\u00e9 financ\u00e9 par la DRAC Bourgogne \u2013 Franche-Comt\u00e9, le Conseil D\u00e9partemental de C\u00f4te d\u2019Or et le Conseil D\u00e9partemental de l\u2019Yonne.<\/em><\/p>\n<p>La Cie a \u00e9t\u00e9 accueillie par\u00a0la Communaut\u00e9 de communes Bazois Loire Morvan pour travailler en immersion dans les structures petite enfance, ce qui lui a permis d&rsquo;adapter son spectacle a ce\u00a0tr\u00e8s jeune public.<\/p>\n<p>Le troupe \u00e9volue en\u00a0 2019 puisque Fanny Sauvin et Olivier Dureuil participe \u00e0 la nouvelle cr\u00e9ation 2020 : <a href=\"https:\/\/apiquenotte.fr\/index.php\/a-laube\/\">A l&rsquo;Aube<\/a><\/p>\n\n\n<p><\/p>\n","protected":false},"excerpt":{"rendered":"<p>Cette jeune compagnie de th\u00e9\u00e2tre musical pour tout petits est n\u00e9e de la collaboration de Magali PILLON, professeur des \u00e9coles et Patryk LORY, artiste musicien et com\u00e9dien. Leur premier spectacle \u00ab\u00a0Cirrus Floccus\u00a0\u00bb a \u00e9t\u00e9\u00a0cr\u00e9e le 15 avril 2017 \u00e0 la Minoterie, p\u00f4le de cr\u00e9ation pour le jeune public, \u00e0 Dijon. Le spectacle a \u00e9t\u00e9 int\u00e9gr\u00e9 &hellip; <\/p>\n<p class=\"link-more\"><a href=\"https:\/\/apiquenotte.fr\/index.php\/a-propos-de\/\" class=\"more-link\">Continuer la lecture<span class=\"screen-reader-text\"> de &laquo;&nbsp;La compagnie&nbsp;&raquo;<\/span><\/a><\/p>\n","protected":false},"author":1,"featured_media":61,"parent":0,"menu_order":0,"comment_status":"closed","ping_status":"closed","template":"","meta":{"footnotes":""},"class_list":["post-8","page","type-page","status-publish","has-post-thumbnail","hentry"],"_links":{"self":[{"href":"https:\/\/apiquenotte.fr\/index.php\/wp-json\/wp\/v2\/pages\/8","targetHints":{"allow":["GET"]}}],"collection":[{"href":"https:\/\/apiquenotte.fr\/index.php\/wp-json\/wp\/v2\/pages"}],"about":[{"href":"https:\/\/apiquenotte.fr\/index.php\/wp-json\/wp\/v2\/types\/page"}],"author":[{"embeddable":true,"href":"https:\/\/apiquenotte.fr\/index.php\/wp-json\/wp\/v2\/users\/1"}],"replies":[{"embeddable":true,"href":"https:\/\/apiquenotte.fr\/index.php\/wp-json\/wp\/v2\/comments?post=8"}],"version-history":[{"count":13,"href":"https:\/\/apiquenotte.fr\/index.php\/wp-json\/wp\/v2\/pages\/8\/revisions"}],"predecessor-version":[{"id":350,"href":"https:\/\/apiquenotte.fr\/index.php\/wp-json\/wp\/v2\/pages\/8\/revisions\/350"}],"wp:featuredmedia":[{"embeddable":true,"href":"https:\/\/apiquenotte.fr\/index.php\/wp-json\/wp\/v2\/media\/61"}],"wp:attachment":[{"href":"https:\/\/apiquenotte.fr\/index.php\/wp-json\/wp\/v2\/media?parent=8"}],"curies":[{"name":"wp","href":"https:\/\/api.w.org\/{rel}","templated":true}]}}