{"id":365,"date":"2026-03-26T11:16:02","date_gmt":"2026-03-26T10:16:02","guid":{"rendered":"https:\/\/apiquenotte.fr\/?page_id=365"},"modified":"2026-03-26T11:18:07","modified_gmt":"2026-03-26T10:18:07","slug":"a-tatons","status":"publish","type":"page","link":"https:\/\/apiquenotte.fr\/index.php\/a-tatons\/","title":{"rendered":"\u00e0 T\u00e2tons"},"content":{"rendered":"\n<p>Nouvelle cr\u00e9ation 2026<\/p>\n\n\n\n<figure class=\"wp-block-image size-large\"><img loading=\"lazy\" decoding=\"async\" width=\"848\" height=\"1024\" src=\"https:\/\/apiquenotte.fr\/wp-content\/uploads\/2026\/03\/image-848x1024.jpeg\" alt=\"\" class=\"wp-image-366\" title=\"Exemple d'image\" srcset=\"https:\/\/apiquenotte.fr\/wp-content\/uploads\/2026\/03\/image-848x1024.jpeg 848w, https:\/\/apiquenotte.fr\/wp-content\/uploads\/2026\/03\/image-248x300.jpeg 248w, https:\/\/apiquenotte.fr\/wp-content\/uploads\/2026\/03\/image-768x928.jpeg 768w, https:\/\/apiquenotte.fr\/wp-content\/uploads\/2026\/03\/image.jpeg 1242w\" sizes=\"auto, (max-width: 767px) 89vw, (max-width: 1000px) 54vw, (max-width: 1071px) 543px, 580px\" \/><\/figure>\n\n\n\n<p>Cr\u00e9ation 28 octobre 2026<\/p>\n\n\n\n<p>De l&rsquo;erreur na\u00eet l&rsquo;apprentissage, dit-on.<\/p>\n\n\n\n<p>Chez le jeune enfant, cette d\u00e9couverte du monde s&rsquo;accompagne d&rsquo;\u00e9motions nombreuses et diverses qui participent \u00e0 son \u00e9volution.<\/p>\n\n\n\n<p>Sait-il toujours vivre en harmonie avec ces \u00e9motions qui parfois l&rsquo;envahissent?<\/p>\n\n\n\n<p>Ses \u00e9checs, r\u00e9p\u00e9t\u00e9s au long des diff\u00e9rents stades de son \u00e9volution, sont-ils toujours un moteur ou peuvent-ils devenir un frein \u00e0 son grandissement ?<\/p>\n\n\n\n<p>Autant de questions importantes que nous souhaitons partager avec les jeunes enfants et les adultes qui les accompagnent.<\/p>\n\n\n\n<p>\u00c0 la lumi\u00e8re des th\u00e9ories scientifiques et de nos r\u00e9flexions p\u00e9dagogiques, nous avons retenu six \u00e9motions que nous qualifierons de \u00ab principales \u00bb et nous avons tent\u00e9 de les associer \u00e0 des rythmes, m\u00e9lodies et harmonies afin de redonner aux tr\u00e8s jeunes spectateurices I&rsquo;occasion de vivre, \u00e0 distance de la sc\u00e8ne th\u1ebf\u00e2trale, diverses exp\u00e9riences concr\u00e8tes associ\u00e9es \u00e0 plusieurs de leurs \u00e9motions.<\/p>\n\n\n\n<p>Nous proposons de re-convoquer sur sc\u00e8ne la \u201cboule \u00e0 forme\u201d, une activit\u00e9 de nos pass\u00e9s d&rsquo;enfants joueurs et d&rsquo;utiliser la force \u00e9motionnelle de la musique pour embarquer le public dans une sorte de \u00ab voyage \u00bb au c\u0153ur de ses \u00e9motions premi\u00e8res.<\/p>\n\n\n\n<p>Gageons que cette travers\u00e9e jou\u00e9e faite d&rsquo;actions, d&rsquo;obstacles et d&rsquo;\u00e9checs saura apporter aux tr\u00e8s jeunes enfants une occasion particuli\u00e8re de prendre du recul sur leur v\u00e9cu d&rsquo;aventuriers de l&rsquo;avenir.<\/p>\n\n\n\n<h1 class=\"wp-block-heading\"><strong>Distribution\u00a0<\/strong><\/h1>\n\n\n\n<p>Instruments divers, Jeu th\u00e9\u00e2tral, chants :<br>Fanny Sauvin<br>Thibaut Delareux<br>Patryk Lory\u00a0<\/p>\n\n\n\n<p>Mise en sc\u00e8ne :<br>Christian Duchange<\/p>\n","protected":false},"excerpt":{"rendered":"<p>Nouvelle cr\u00e9ation 2026 Cr\u00e9ation 28 octobre 2026 De l&rsquo;erreur na\u00eet l&rsquo;apprentissage, dit-on. Chez le jeune enfant, cette d\u00e9couverte du monde s&rsquo;accompagne d&rsquo;\u00e9motions nombreuses et diverses qui participent \u00e0 son \u00e9volution. Sait-il toujours vivre en harmonie avec ces \u00e9motions qui parfois l&rsquo;envahissent? Ses \u00e9checs, r\u00e9p\u00e9t\u00e9s au long des diff\u00e9rents stades de son \u00e9volution, sont-ils toujours un &hellip; <\/p>\n<p class=\"link-more\"><a href=\"https:\/\/apiquenotte.fr\/index.php\/a-tatons\/\" class=\"more-link\">Continuer la lecture<span class=\"screen-reader-text\"> de &laquo;&nbsp;\u00e0 T\u00e2tons&nbsp;&raquo;<\/span><\/a><\/p>\n","protected":false},"author":1,"featured_media":0,"parent":0,"menu_order":0,"comment_status":"closed","ping_status":"closed","template":"","meta":{"footnotes":""},"class_list":["post-365","page","type-page","status-publish","hentry"],"_links":{"self":[{"href":"https:\/\/apiquenotte.fr\/index.php\/wp-json\/wp\/v2\/pages\/365","targetHints":{"allow":["GET"]}}],"collection":[{"href":"https:\/\/apiquenotte.fr\/index.php\/wp-json\/wp\/v2\/pages"}],"about":[{"href":"https:\/\/apiquenotte.fr\/index.php\/wp-json\/wp\/v2\/types\/page"}],"author":[{"embeddable":true,"href":"https:\/\/apiquenotte.fr\/index.php\/wp-json\/wp\/v2\/users\/1"}],"replies":[{"embeddable":true,"href":"https:\/\/apiquenotte.fr\/index.php\/wp-json\/wp\/v2\/comments?post=365"}],"version-history":[{"count":3,"href":"https:\/\/apiquenotte.fr\/index.php\/wp-json\/wp\/v2\/pages\/365\/revisions"}],"predecessor-version":[{"id":370,"href":"https:\/\/apiquenotte.fr\/index.php\/wp-json\/wp\/v2\/pages\/365\/revisions\/370"}],"wp:attachment":[{"href":"https:\/\/apiquenotte.fr\/index.php\/wp-json\/wp\/v2\/media?parent=365"}],"curies":[{"name":"wp","href":"https:\/\/api.w.org\/{rel}","templated":true}]}}