{"id":157,"date":"2019-10-15T16:40:17","date_gmt":"2019-10-15T14:40:17","guid":{"rendered":"http:\/\/apiquenotte.fr?page_id=157"},"modified":"2020-11-20T11:04:50","modified_gmt":"2020-11-20T10:04:50","slug":"a-laube","status":"publish","type":"page","link":"https:\/\/apiquenotte.fr\/index.php\/a-laube\/","title":{"rendered":"A l&rsquo;aube"},"content":{"rendered":"<p><iframe loading=\"lazy\" src=\"https:\/\/www.youtube.com\/embed\/abd26iVO2b8\" allowfullscreen=\"allowfullscreen\" width=\"560\" height=\"315\" frameborder=\"0\"><\/iframe><\/p>\n\n\n<p><strong>Cr\u00e9ation novembre 2020<\/strong><br><em>Th\u00e9\u00e2tre musical pour tout-petits<\/em><\/p>\n\n\n\n<p>A l\u2019aube de la cr\u00e9ation, l\u2019\u00eatre en devenir se d\u00e9veloppe aux sons des instruments, des voix, des mouvements volut\u00e9s des artistes \u00e9voluant autour de la lune croissante<\/p>\n\n\n\n<p>Les souvenirs de la vie in utero donnent envie de se replonger dans cette incroyable p\u00e9riode o\u00f9 l&rsquo;\u0153uf invisible cro\u00eet, se d\u00e9ploie, prend forme, ressent, entend, interagit au fil du temps. Comme toute cr\u00e9ation, le spectacle grandit, se transforme pour devenir un voyage sensoriel pour le tout-petit spectateur.<\/p>\n\n\n\n<p>A travers la musique, le th\u00e9\u00e2tre d\u2019objet et la danse, les artistes racontent avec po\u00e9sie et amusement cet endroit fantasm\u00e9 dans lequel nous nous sommes tous emplis de lumi\u00e8re, de mouvements et de sons.<\/p>\n\n\n\n<p><strong>Le projet :<\/strong><\/p>\n\n\n\n<p>\u00ab A l&rsquo;aube \u00bb, s&rsquo;articule autour d&rsquo;une s\u00e9rie de tableaux \u00e9voquant le parcours sensoriel du f\u0153tus dans le ventre de sa m\u00e8re. <\/p>\n\n\n\n<p>Nous sommes partis d&rsquo;un\nquestionnement qui guide petit \u00e0 petit nos choix artistiques&nbsp;: que se\npasse-t-il dans cet univers d&rsquo;apesanteur&nbsp;? Comment le b\u00e9b\u00e9 per\u00e7oit-il son\nmonde et le n\u00f4tre&nbsp;?<\/p>\n\n\n\n<p>Les artistes \u00e9voluent au\nrythme d&rsquo;une lune croissante symbole du d\u00e9veloppement de l&rsquo;\u00eatre en devenir et\ndu ventre qui s&rsquo;arrondit au fil du temps.<\/p>\n\n\n\n<p>Les battements du c\u0153ur font le lien entre les diff\u00e9rents tableaux \u00e0 travers des rythmes de percussions corporelles. La cr\u00e9ation sonore, num\u00e9rique et acoustique, permet de rendre compte des bruits per\u00e7us comme la respiration, les mouvements du liquide amniotique, les voix ext\u00e9rieures&#8230; <\/p>\n\n\n\n<p>Le chant \u00e0 deux voix se\nveut doux, apaisant mais aussi surprenant comme le sont certainement tous ces\nbruits inconnus.<\/p>\n\n\n\n<p>Ce spectacle \u00e0 l&rsquo;adresse des tout petits explore l&rsquo;\u00e9veil des sens. Au-del\u00e0 des personnages, les deux artistes sur sc\u00e8ne incarnent une atmosph\u00e8re et des \u00e9motions. Nous souhaitons raconter avec po\u00e9sie et parfois amusement cet endroit fantasm\u00e9 dans lequel nous nous sommes tous emplis de lumi\u00e8re, de mouvements.<\/p>\n\n\n\n<p><strong>L\u2019\u00e9quipe artistique :<\/strong><\/p>\n\n\n\n<p>Jeu, cr\u00e9ation sonore et musicale :  Fanny SAUVIN et Patryk LORY <br>Mise en sc\u00e8ne : Olivier DUREUIL<br>Participation \u00e0 l&rsquo;\u00e9criture : Magali PILLON<br>Cr\u00e9ation lumi\u00e8re : Patryk LORY<br>Sur une id\u00e9e de Caroline FIGUIERA<br>Sc\u00e9nographie : Pr\u00e9lud<br>Photo : Lange Vert<br>Teaser : Grand Moyen<br><br><strong>Avec le soutien de : <\/strong><br><\/p>\n\n\n\n<div class=\"wp-block-image\"><figure class=\"alignleft size-large is-resized\"><img loading=\"lazy\" decoding=\"async\" src=\"http:\/\/apiquenotte.frwp-content\/uploads\/2020\/11\/Logo_Dijon.svg_.png\" alt=\"\" class=\"wp-image-179\" width=\"186\" height=\"197\" srcset=\"https:\/\/apiquenotte.fr\/wp-content\/uploads\/2020\/11\/Logo_Dijon.svg_.png 425w, https:\/\/apiquenotte.fr\/wp-content\/uploads\/2020\/11\/Logo_Dijon.svg_-284x300.png 284w\" sizes=\"auto, (max-width: 186px) 100vw, 186px\" \/><\/figure><\/div>\n\n\n\n<div class=\"wp-block-image\"><figure class=\"alignleft size-large is-resized\"><img loading=\"lazy\" decoding=\"async\" src=\"http:\/\/apiquenotte.frwp-content\/uploads\/2020\/11\/logo_CD_CotedOr_couleur.png\" alt=\"\" class=\"wp-image-178\" width=\"244\" height=\"161\" srcset=\"https:\/\/apiquenotte.fr\/wp-content\/uploads\/2020\/11\/logo_CD_CotedOr_couleur.png 491w, https:\/\/apiquenotte.fr\/wp-content\/uploads\/2020\/11\/logo_CD_CotedOr_couleur-300x198.png 300w\" sizes=\"auto, (max-width: 244px) 100vw, 244px\" \/><\/figure><\/div>\n\n\n\n<div class=\"wp-block-image\"><figure class=\"alignleft size-large is-resized\"><img loading=\"lazy\" decoding=\"async\" src=\"http:\/\/apiquenotte.frwp-content\/uploads\/2020\/11\/Artdam-1024x570.png\" alt=\"\" class=\"wp-image-177\" width=\"191\" height=\"106\" srcset=\"https:\/\/apiquenotte.fr\/wp-content\/uploads\/2020\/11\/Artdam-1024x570.png 1024w, https:\/\/apiquenotte.fr\/wp-content\/uploads\/2020\/11\/Artdam-300x167.png 300w, https:\/\/apiquenotte.fr\/wp-content\/uploads\/2020\/11\/Artdam-768x428.png 768w, https:\/\/apiquenotte.fr\/wp-content\/uploads\/2020\/11\/Artdam.png 1200w\" sizes=\"auto, (max-width: 191px) 100vw, 191px\" \/><\/figure><\/div>\n\n\n\n<p><br><\/p>\n\n\n\n<p><\/p>\n\n\n\n<figure class=\"wp-block-image size-large\"><img loading=\"lazy\" decoding=\"async\" width=\"445\" height=\"113\" src=\"http:\/\/apiquenotte.frwp-content\/uploads\/2020\/11\/Reservoir-01.png\" alt=\"\" class=\"wp-image-181\" srcset=\"https:\/\/apiquenotte.fr\/wp-content\/uploads\/2020\/11\/Reservoir-01.png 445w, https:\/\/apiquenotte.fr\/wp-content\/uploads\/2020\/11\/Reservoir-01-300x76.png 300w\" sizes=\"auto, (max-width: 445px) 100vw, 445px\" \/><\/figure>\n\n\n\n<div class=\"wp-block-image\"><figure class=\"alignleft size-large is-resized\"><img loading=\"lazy\" decoding=\"async\" src=\"http:\/\/apiquenotte.frwp-content\/uploads\/2020\/11\/Mansart-02-1024x512.jpg\" alt=\"\" class=\"wp-image-180\" width=\"448\" height=\"224\" srcset=\"https:\/\/apiquenotte.fr\/wp-content\/uploads\/2020\/11\/Mansart-02-1024x512.jpg 1024w, https:\/\/apiquenotte.fr\/wp-content\/uploads\/2020\/11\/Mansart-02-300x150.jpg 300w, https:\/\/apiquenotte.fr\/wp-content\/uploads\/2020\/11\/Mansart-02-768x384.jpg 768w, https:\/\/apiquenotte.fr\/wp-content\/uploads\/2020\/11\/Mansart-02-1536x768.jpg 1536w, https:\/\/apiquenotte.fr\/wp-content\/uploads\/2020\/11\/Mansart-02.jpg 2001w\" sizes=\"auto, (max-width: 448px) 100vw, 448px\" \/><\/figure><\/div>\n","protected":false},"excerpt":{"rendered":"<p>Cr\u00e9ation novembre 2020Th\u00e9\u00e2tre musical pour tout-petits A l\u2019aube de la cr\u00e9ation, l\u2019\u00eatre en devenir se d\u00e9veloppe aux sons des instruments, des voix, des mouvements volut\u00e9s des artistes \u00e9voluant autour de la lune croissante Les souvenirs de la vie in utero donnent envie de se replonger dans cette incroyable p\u00e9riode o\u00f9 l&rsquo;\u0153uf invisible cro\u00eet, se d\u00e9ploie, &hellip; <\/p>\n<p class=\"link-more\"><a href=\"https:\/\/apiquenotte.fr\/index.php\/a-laube\/\" class=\"more-link\">Continuer la lecture<span class=\"screen-reader-text\"> de &laquo;&nbsp;A l&rsquo;aube&nbsp;&raquo;<\/span><\/a><\/p>\n","protected":false},"author":1,"featured_media":173,"parent":0,"menu_order":0,"comment_status":"closed","ping_status":"closed","template":"","meta":{"footnotes":""},"class_list":["post-157","page","type-page","status-publish","has-post-thumbnail","hentry"],"_links":{"self":[{"href":"https:\/\/apiquenotte.fr\/index.php\/wp-json\/wp\/v2\/pages\/157","targetHints":{"allow":["GET"]}}],"collection":[{"href":"https:\/\/apiquenotte.fr\/index.php\/wp-json\/wp\/v2\/pages"}],"about":[{"href":"https:\/\/apiquenotte.fr\/index.php\/wp-json\/wp\/v2\/types\/page"}],"author":[{"embeddable":true,"href":"https:\/\/apiquenotte.fr\/index.php\/wp-json\/wp\/v2\/users\/1"}],"replies":[{"embeddable":true,"href":"https:\/\/apiquenotte.fr\/index.php\/wp-json\/wp\/v2\/comments?post=157"}],"version-history":[{"count":12,"href":"https:\/\/apiquenotte.fr\/index.php\/wp-json\/wp\/v2\/pages\/157\/revisions"}],"predecessor-version":[{"id":190,"href":"https:\/\/apiquenotte.fr\/index.php\/wp-json\/wp\/v2\/pages\/157\/revisions\/190"}],"wp:featuredmedia":[{"embeddable":true,"href":"https:\/\/apiquenotte.fr\/index.php\/wp-json\/wp\/v2\/media\/173"}],"wp:attachment":[{"href":"https:\/\/apiquenotte.fr\/index.php\/wp-json\/wp\/v2\/media?parent=157"}],"curies":[{"name":"wp","href":"https:\/\/api.w.org\/{rel}","templated":true}]}}