{"id":120,"date":"2018-01-06T15:48:36","date_gmt":"2018-01-06T14:48:36","guid":{"rendered":"http:\/\/apiquenotte.fr?page_id=120"},"modified":"2026-03-26T14:30:21","modified_gmt":"2026-03-26T13:30:21","slug":"les-dates","status":"publish","type":"page","link":"https:\/\/apiquenotte.fr\/index.php\/les-dates\/","title":{"rendered":"Les anciennes dates"},"content":{"rendered":"\n<p><strong>2022<\/strong> (A l&rsquo;Aube)<\/p>\n\n\n\n<p>14 avril : RPE, Bligny sur Ouche (21) &#8211; 2 repr\u00e9sentations<\/p>\n\n\n\n<p>19 avril : Centre Culturel G\u00e9rard Philippe, Varennes Vauzelles (58) &#8211; 3 repr\u00e9sentations<\/p>\n\n\n\n<p>20 avril : Le R\u00e9servoir, Saint Marcel (71) &#8211; 2 repr\u00e9sentations<\/p>\n\n\n\n<p>29 octobre : M\u00e9diath\u00e8que de Mirecourt (88) &#8211; 2 repr\u00e9sentations<\/p>\n\n\n\n<p>2 d\u00e9cembre : Micro Cr\u00e8che L&rsquo;\u00eele aux enfants, Asni\u00e8res-les-Dijon (21) &#8211; 2 repr\u00e9sentations<\/p>\n\n\n\n<p>3 d\u00e9cembre : RPE, Genlis (21) &#8211; 2 repr\u00e9sentations<\/p>\n\n\n\n<p>7 d\u00e9cembre : RPE, Blamont (25)<\/p>\n\n\n\n<p>16 d\u00e9cembre : RPE, mairie, Nogent (52)<\/p>\n\n\n\n<p><strong>2022<\/strong> (Cirrus Floccus)<\/p>\n\n\n\n<p>3 mars : Bussy Saint Georges (77) &#8211; 2 r\u00e9pr\u00e9sentations<\/p>\n\n\n\n<p>6 mai : RPE, Pins (70)<\/p>\n\n\n\n<p>27 novembre : Quai des Arts, Polisot (10)<\/p>\n\n\n\n<p>10 d\u00e9cembre : Cr\u00e8che Baby Gold, Dijon (21)<\/p>\n\n\n\n<p>14 d\u00e9cembre : RPE, Dijon (21)<\/p>\n\n\n\n<p>16 d\u00e9cembre : MJC Montchapet, Dijon (21)<\/p>\n\n\n\n<p>17 d\u00e9cembre : MJC Montchapet, Dijon (21)<\/p>\n\n\n<p><strong>2021 <\/strong>(A l&rsquo;Aube)<\/p>\n<p>1er avril : Relais petite enfance de Pr\u00e9cy sous Thil (21) &#8211; (dans le cadre de \u00ab\u00a0Premiers Pas &#8211; Culture et Petite Enfance soutenu par le CD21) &#8211; 2 repr\u00e9sentations<\/p>\n<p>8 avril : Audition r\u00e9gionale des JMFrance, D\u00f4le (39) &#8211; <strong>Report\u00e9<\/strong><\/p>\n<p>21 avril : Le R\u00e9servoir, Saint Marcel (71) &#8211; 2 repr\u00e9sentations &#8211; <strong>Report\u00e9<\/strong><\/p>\n<p>3 mai : \u00c9cole maternelle, Millet (58)<\/p>\n<p>15 juin : Audition r\u00e9gionale des JMFrance, D\u00f4le (39)<\/p>\n<p>18 juin : relais petite enfance de Chatillon sur Seine (21) &#8211; (dans le cadre de \u00ab\u00a0Premiers Pas &#8211; Culture et Petite Enfance soutenu par le CD21) &#8211; 3 repr\u00e9sentations<\/p>\n<p>24 juin : Relais petite enfance de Genlis (21) &#8211; (dans le cadre de \u00ab\u00a0Premiers Pas &#8211; Culture et Petite Enfance soutenu par le CD21) &#8211; 2 repr\u00e9sentations<\/p>\n<p>25 juin : Relais petite enfance de Sombernon (21) (dans le cadre de \u00ab\u00a0Premiers Pas &#8211; Culture et Petite Enfance soutenu par le CD21) &#8211; 2 repr\u00e9sentations<\/p>\n<p>11 novembre : Bistrot de la Sc\u00e8ne, Dijon (21) &#8211; 3 repr\u00e9sentations<\/p>\n<p>29 novembre : RPE Bligny sur Ouche (21) &#8211; 2 repr\u00e9sentations \u2013 <strong>Report\u00e9<\/strong><\/p>\n<p>2 d\u00e9cembre : \u00c9cole maternelle, Selongey &#8211; 2 repr\u00e9sentations<\/p>\n<p>3 d\u00e9cembre : RPE Pouilly en Auxois (21) &#8211; 2 repr\u00e9sentations<\/p>\n<p>6 d\u00e9cembre : RAM Epstein, Villeurbanne (69) &#8211; 2 repr\u00e9sentations<\/p>\n<p>7 d\u00e9cembre : RAM Epstein, Villeurbanne (69) &#8211; 2 repr\u00e9sentations<\/p>\n<p>9 d\u00e9cembre : RAM Epstein, Villeurbanne (69) &#8211; 2 repr\u00e9sentations<\/p>\n<p>10 d\u00e9cembre : RAM Epstein, Villeurbanne (69) &#8211; 2 repr\u00e9sentations<\/p>\n<p>13 d\u00e9cembre : RAM Epstein, Villeurbanne (69) &#8211; 2 repr\u00e9sentations<\/p>\n<p>14 d\u00e9cembre : RAM Epstein, Villeurbanne (69) &#8211; 2 repr\u00e9sentations<\/p>\n<p>15 d\u00e9cembre : MJC Montchapet \u00ab\u00a0La boite noire\u00a0\u00bb, Dijon (21) &#8211; 2 repr\u00e9sentations<\/p>\n<p>16 d\u00e9cembre : RAM Epstein, Villeurbanne (69) &#8211; 2 repr\u00e9sentations<\/p>\n<p><strong>2021 <\/strong>(Cirrus Floccus)<\/p>\n<p>29 mai : Salon des B\u00e9b\u00e9s Lecteurs, Maison de la Culture, Nevers (58) \u2013 <strong>Report\u00e9<\/strong><\/p>\n<p>28 septembre : MA Tarnier, Dijon (21) \u2013 2 repr\u00e9sentations<\/p>\n<p>30 septembre : RAM Montmuzard, Dijon (21)<\/p>\n<p>16 octobre : Salon des B\u00e9b\u00e9s Lecteurs, Maison de la Culture, Nevers (58) \u2013 3 repr\u00e9sentations<\/p>\n<p>20 novembre : M\u00e9diath\u00e8que, Genlis (21) &#8211; 2 repr\u00e9sentations<\/p>\n<p>23 novembre : RAM Carambole, Chalon sur Sa\u00f4ne (71) &#8211; 2 repr\u00e9sentations<\/p>\n<p>9 d\u00e9cembre : MA Mansart, <strong>Th\u00e9\u00e2tre Mansart<\/strong>, Dijon (21)<\/p>\n<p>17 d\u00e9cembre : RAM Mansart, Dijon (21) &#8211; 2 repr\u00e9sentations<\/p>\n<p><strong>2020 <\/strong>(A l&rsquo;Aube)<\/p>\n<p>16 juin : Relais petite enfance de Sombernon (21) &#8211; <strong>Annul\u00e9<\/strong><\/p>\n<p>5 novembre : Relais petite enfance de Sombernon (21) (dans le cadre de \u00ab\u00a0Premiers Pas &#8211; Culture et Petite Enfance soutenu par le CD21) &#8211; <strong>Report\u00e9<\/strong><\/p>\n<p>9 novembre : Relais petite enfance de Genlis (21) &#8211; (dans le cadre de \u00ab\u00a0Premiers Pas &#8211; Culture et Petite Enfance soutenu par le CD21) &#8211; <strong>Report\u00e9<\/strong><\/p>\n<p>20 novembre : relais petite enfance de Chatillon sur Seine (21) &#8211; (dans le cadre de \u00ab\u00a0Premiers Pas &#8211; Culture et Petite Enfance soutenu par le CD21) &#8211; <strong>Report\u00e9<\/strong><\/p>\n<p>25 novembre : Relais petite enfance de Pagny le Chateau (21) &#8211; (dans le cadre de \u00ab\u00a0Premiers Pas &#8211; Culture et Petite Enfance soutenu par le CD21) &#8211;<strong>Annul\u00e9<\/strong><\/p>\n<p>27 novembre : Relais petite enfance de Pr\u00e9cy sous Thil (21) &#8211; (dans le cadre de \u00ab\u00a0Premiers Pas &#8211; Culture et Petite Enfance soutenu par le CD21) &#8211; <strong>Report\u00e9<\/strong><\/p>\n<p>17 d\u00e9cembre : \u00c9cole maternelle de Gissey sur Ouche (21) &#8211; 3 repr\u00e9sentations<\/p>\n<p>18 d\u00e9cembre : \u00c9cole maternelle de Sainte Marie sur Ouche (21) &#8211; 2 repr\u00e9sentations<\/p>\n<p><strong>2020 (<\/strong>Cirrus Floccus)<\/p>\n<p>29 novembre : Festival Quai des arts, Polisot (10) &#8211; <strong>Report\u00e9<\/strong><\/p>\n<p>9 d\u00e9cembre : Relais petite enfance, Fourchambault (58) &#8211; <strong>Annul\u00e9<\/strong><\/p>\n<p>16 d\u00e9cembre : Multi accueil fontaine d&rsquo;Ouche, Dijon (21)<\/p>\n<p>17 d\u00e9cembre : Relais petite enfance, Garchizy (58) &#8211; <strong>Annul\u00e9<\/strong><\/p>\n<p><b>2019<\/b> (Cirrus Floccus)<\/p>\n<p>19 f\u00e9vrier : Bistrot de la sc\u00e8ne, Dijon (21) &#8211;\u00a03 repr\u00e9sentations<\/p>\n<p>7 novembre : Relais Petite Enfance, Genlis (21) (dans le cadre de \u00ab\u00a0Premiers Pas &#8211; Culture et Petite Enfance soutenu par le CD21) &#8211; 2 repr\u00e9sentations<\/p>\n<p>28 novembre : Relais Petite Enfance, Talant (21) (dans le cadre de \u00ab\u00a0Premiers Pas &#8211; Culture et Petite Enfance soutenu par le CD21) &#8211; 2 repr\u00e9sentations<\/p>\n<p>3 d\u00e9cembre : Relais Assistante maternelle et Multi-accueil Hirondelle, Sens (89) &#8211; 3 repr\u00e9sentations<\/p>\n<p>4 d\u00e9cembre : Relais Parents Enfants, Les Enfants de Marguerite, Chalon sur Sa\u00f4ne (71)<\/p>\n<p>6 d\u00e9cembre : Relais de Fontaine d&rsquo;Ouche, Centre Social Bourroches, Dijon (21) &#8211; 2 repr\u00e9sentations<\/p>\n<p>9 d\u00e9cembre : Multi-accueil, H\u00e9ricourt (70) &#8211; 2 repr\u00e9sentations<\/p>\n<p>10 d\u00e9cembre : Multi-accueil, H\u00e9ricourt (70) &#8211; 2 repr\u00e9sentations<\/p>\n<p>11 d\u00e9cembre : Multi-accueil Les Farfadets, Blamont (25)<\/p>\n<p>12 d\u00e9cembre : RAM Epstein, Villeurbanne (69) &#8211; 3 repr\u00e9sentations<\/p>\n<p>13 d\u00e9cembre : Micro Cr\u00e8ches, Nogent (70) &#8211; 2 repr\u00e9sentations<\/p>\n<p>14 d\u00e9cembre : Relais petite enfance, Paray le Monial (71)<\/p>\n<p>16 d\u00e9cembre : Multi-accueil, Velars sur Ouche (21)<\/p>\n<p>17 d\u00e9cembre : RAM Epstein, Villeurbanne (69) &#8211; 2 repr\u00e9sentations<\/p>\n<p>18 d\u00e9cembre : Multi-accueil, Arc sur Tille (21)<\/p>\n<p>19 d\u00e9cembre : RAMI, Voiteur (39)<\/p>\n<p>20 d\u00e9cembre : RAMI, Bleterrans (39)<\/p>\n<p>20 d\u00e9cembre : Micro cr\u00e8che, DIJON (21)<\/p>\n<p><b>2018<\/b> (Cirrus Floccus)<\/p>\n<p>19 janvier : Cr\u00e8che l&rsquo;ile aux enfants, Asni\u00e8res les Dijon (21)<\/p>\n<p>24 mars : Le printemps des b\u00e9b\u00e9s lecteurs, Talant (21) &#8211; 4 repr\u00e9sentations<\/p>\n<p>17 avril : Centre culturel G\u00e9rard Philippe, Varennes-Vauzelles (58) &#8211; 4 repr\u00e9sentations<\/p>\n<p>30 juin : \u00a0\u00bb 1, 2, 3 sommeil !!! \u00a0\u00bb journ\u00e9e organis\u00e9e par la communaut\u00e9 de communes du Pays Ch\u00e2tillonnais, Chatillon-sur-Seine (21) &#8211; 2 repr\u00e9sentations<\/p>\n<p>29 septembre : M\u00e9diath\u00e8que de Mirecourt (88)<\/p>\n<p>09 novembre : Repam Beaune (21) (dans le cadre de \u00ab\u00a0Premiers Pas &#8211; Culture et Petite Enfance soutenu par le CD21) &#8211;\u00a02 repr\u00e9sentations<\/p>\n<p>10 novembre : Maison de l&rsquo;enfance, Pouilly en Auxois (dans le cadre de \u00ab\u00a0Premiers Pas &#8211; Culture et Petite Enfance soutenu par le CD21) &#8211;\u00a02 repr\u00e9sentations<\/p>\n<p>20 novembre : Multi accueil, Precy sous Thil (21) &#8211;\u00a0(dans le cadre de \u00ab\u00a0Premiers Pas &#8211; Culture et Petite Enfance soutenu par le CD21) &#8211; 2 repr\u00e9sentations<\/p>\n<p>27 novembre : Multi-accueil Les Petits Cailloux, Mirebeau sur Beze\u00a0(dans le cadre de \u00ab\u00a0Premiers Pas &#8211; Culture et Petite Enfance soutenu par le CD21) &#8211;\u00a02 repr\u00e9sentations<\/p>\n<p>05 d\u00e9cembre :\u00a0Multi-accueil Les Ptits Loups, Chaleuzeule (25)<\/p>\n<p>06 d\u00e9cembre : Multi-accueil Coquelibulle, Niederetzen (68) &#8211; 2 repr\u00e9sentations<\/p>\n<p>07 d\u00e9cembre :\u00a0Multi-accueil\u00a0 Les Coccinelles, Hirsingue (68)<\/p>\n<p>08 d\u00e9cembre : Salle, Otswald (67) &#8211;\u00a02 repr\u00e9sentations<\/p>\n<p>10 d\u00e9cembre : Cr\u00e8che La Capucine, Dijon (21) &#8211;\u00a02 repr\u00e9sentations<\/p>\n<p>11 d\u00e9cembre : Multi-accueil Les Lutins, Chalon-sur-Sa\u00f4ne (71)<\/p>\n<p>11 d\u00e9cembre : Multi-accueil Les petits mousses, Chalon-sur-Sa\u00f4ne (71)<\/p>\n<p>12 d\u00e9cembre : Cr\u00e8che du C. H., Vichy (03) &#8211;\u00a02 repr\u00e9sentations<\/p>\n<p>13 d\u00e9cembre : Multi-accueil, Villeneuve-sur-Yonne (89)<\/p>\n<p>13 d\u00e9cembre :\u00a0Multi-accueil Les \u00c9cureuils, Clamecy (58)<\/p>\n<p>14 d\u00e9cembre :\u00a0Multi-accueil Les Moussaillons , Cusset (03)<\/p>\n<p>14 d\u00e9cembre :\u00a0Multi-accueil Fran\u00e7oise Dolto, Cusset (03)<\/p>\n<p>17 d\u00e9cembre : Histoires de M\u00f4mes, Labergement Sainte Marie (25)<\/p>\n<p>18 d\u00e9cembre : Cr\u00e8che, Jussey (70) &#8211;\u00a02 repr\u00e9sentations<\/p>\n<p>19 d\u00e9cembre : Halte Garderie Coccinelle, Oyonnax (01)<\/p>\n<p>20 d\u00e9cembre : Cr\u00e8che, Corbigny (58) &#8211;\u00a02 repr\u00e9sentations<\/p>\n<p>22 d\u00e9cembre : Asso Les Montagnards, Beaune (21)<\/p>\n<p><b>2017 <\/b>(Cirrus Floccus)<b><br \/><\/b><\/p>\n<p>15 avril : cr\u00e9ation \u00e0 la Minoterie, DIJON &#8211; 2 repr\u00e9sentations<\/p>\n<p>10 juin : Joigny (89) (restitution du Projet TJP)<\/p>\n<p>12 juin : Salle des f\u00eates, public de maternelle, Luzy (58) (restitution du Projet TJP) &#8211; 2 repr\u00e9sentations<\/p>\n<p>16 juin : Multi Accueil, RAM &#8211; Luzy (58) (restitution du Projet TJP)<\/p>\n<p>30 septembre : Festival Les Z&rsquo;urluberlus, Semur en Auxois (21)<\/p>\n<p>1 octobre : Festival Les Z&rsquo;urluberlus, Semur en Auxois (21)<\/p>\n<p>17 novembre : Journ\u00e9e toute petite enfance du Conseil D\u00e9partemental 21, DIJON (21)<\/p>\n<p>6 d\u00e9cembre : Cr\u00e8che de Saint Lupien (10)<\/p>\n<p>12 d\u00e9cembre : Multi-accueil de Semur en Auxois (21)<\/p>\n<p>13 d\u00e9cembre : Micro Cr\u00e8ches, Le Breuil-Saint Firmin (71)<\/p>\n<p>14 d\u00e9cembre : Multi-accueil Balzac, Dijon (21)<\/p>\n<p>15 d\u00e9cembre : Multi-accueil Magny-Cours (58)<\/p>\n<p>20 d\u00e9cembre : Multi-accueil Les Glacis, Dunkerque (59) &#8211; 2 repr\u00e9sentations<\/p>\n<p>21 d\u00e9cembre : Centre social Mosa\u00efque, Lille Fives (59) &#8211; 2 repr\u00e9sentations<\/p>\n<p>21 d\u00e9cembre : Micro-cr\u00e8che \u00ab\u00a0Au royaume des lutins\u00a0\u00bb, Lille (59)<\/p>\n<p>21 d\u00e9cembre : Micro-cr\u00e8che \u00ab\u00a0La f\u00e9e des bois\u00a0\u00bb, Lille (59)<\/p>\n<p>22 d\u00e9cembre : Salle des f\u00eates, Wannehain (59)<\/p>","protected":false},"excerpt":{"rendered":"<p>2022 (A l&rsquo;Aube) 14 avril : RPE, Bligny sur Ouche (21) &#8211; 2 repr\u00e9sentations 19 avril : Centre Culturel G\u00e9rard Philippe, Varennes Vauzelles (58) &#8211; 3 repr\u00e9sentations 20 avril : Le R\u00e9servoir, Saint Marcel (71) &#8211; 2 repr\u00e9sentations 29 octobre : M\u00e9diath\u00e8que de Mirecourt (88) &#8211; 2 repr\u00e9sentations 2 d\u00e9cembre : Micro Cr\u00e8che L&rsquo;\u00eele aux &hellip; <\/p>\n<p class=\"link-more\"><a href=\"https:\/\/apiquenotte.fr\/index.php\/les-dates\/\" class=\"more-link\">Continuer la lecture<span class=\"screen-reader-text\"> de &laquo;&nbsp;Les anciennes dates&nbsp;&raquo;<\/span><\/a><\/p>\n","protected":false},"author":1,"featured_media":0,"parent":0,"menu_order":0,"comment_status":"closed","ping_status":"closed","template":"","meta":{"footnotes":""},"class_list":["post-120","page","type-page","status-publish","hentry"],"_links":{"self":[{"href":"https:\/\/apiquenotte.fr\/index.php\/wp-json\/wp\/v2\/pages\/120","targetHints":{"allow":["GET"]}}],"collection":[{"href":"https:\/\/apiquenotte.fr\/index.php\/wp-json\/wp\/v2\/pages"}],"about":[{"href":"https:\/\/apiquenotte.fr\/index.php\/wp-json\/wp\/v2\/types\/page"}],"author":[{"embeddable":true,"href":"https:\/\/apiquenotte.fr\/index.php\/wp-json\/wp\/v2\/users\/1"}],"replies":[{"embeddable":true,"href":"https:\/\/apiquenotte.fr\/index.php\/wp-json\/wp\/v2\/comments?post=120"}],"version-history":[{"count":36,"href":"https:\/\/apiquenotte.fr\/index.php\/wp-json\/wp\/v2\/pages\/120\/revisions"}],"predecessor-version":[{"id":375,"href":"https:\/\/apiquenotte.fr\/index.php\/wp-json\/wp\/v2\/pages\/120\/revisions\/375"}],"wp:attachment":[{"href":"https:\/\/apiquenotte.fr\/index.php\/wp-json\/wp\/v2\/media?parent=120"}],"curies":[{"name":"wp","href":"https:\/\/api.w.org\/{rel}","templated":true}]}}